{"id":92,"date":"2024-08-16T10:53:34","date_gmt":"2024-08-16T10:53:34","guid":{"rendered":"https:\/\/kleya.pl\/?page_id=92"},"modified":"2026-02-27T21:02:23","modified_gmt":"2026-02-27T20:02:23","slug":"92-2","status":"publish","type":"page","link":"https:\/\/kleya.pl\/","title":{"rendered":"Contact Us"},"content":{"rendered":"\t\t<div data-elementor-type=\"wp-page\" data-elementor-id=\"92\" class=\"elementor elementor-92\" data-elementor-post-type=\"page\">\n\t\t\t\t<div class=\"elementor-element elementor-element-b2f41a8 e-con-full e-flex e-con e-child\" data-id=\"b2f41a8\" data-element_type=\"container\" data-e-type=\"container\" data-settings=\"{&quot;background_background&quot;:&quot;classic&quot;,&quot;background_motion_fx_motion_fx_scrolling&quot;:&quot;yes&quot;,&quot;background_motion_fx_scale_effect&quot;:&quot;yes&quot;,&quot;background_motion_fx_scale_direction&quot;:&quot;out-in&quot;,&quot;background_motion_fx_scale_speed&quot;:{&quot;unit&quot;:&quot;px&quot;,&quot;size&quot;:4,&quot;sizes&quot;:[]},&quot;background_motion_fx_scale_range&quot;:{&quot;unit&quot;:&quot;%&quot;,&quot;size&quot;:&quot;&quot;,&quot;sizes&quot;:{&quot;start&quot;:20,&quot;end&quot;:80}},&quot;background_motion_fx_devices&quot;:[&quot;desktop&quot;,&quot;tablet&quot;,&quot;mobile&quot;]}\">\n\t\t\t\t<div class=\"elementor-element elementor-element-a776bd6 animated-slow elementor-view-default elementor-invisible elementor-widget elementor-widget-icon\" data-id=\"a776bd6\" data-element_type=\"widget\" data-e-type=\"widget\" data-settings=\"{&quot;_animation&quot;:&quot;fadeIn&quot;,&quot;_animation_delay&quot;:500}\" data-widget_type=\"icon.default\">\n\t\t\t\t<div class=\"elementor-widget-container\">\n\t\t\t\t\t\t\t<div class=\"elementor-icon-wrapper\">\n\t\t\t<div class=\"elementor-icon\">\n\t\t\t<svg xmlns=\"http:\/\/www.w3.org\/2000\/svg\" id=\"Layer_2\" data-name=\"Layer 2\" viewBox=\"0 0 548.67 644.79\"><g id=\"Layer_1-2\" data-name=\"Layer 1\"><g><path d=\"m205.11,440.62h234.37c.12-2.29.28-4.05.28-5.8.01-82.5-.02-164.99.11-247.49,0-3.97-1.38-5.84-4.75-7.6-51.99-27.16-103.93-54.42-155.79-81.82-3.71-1.96-6.44-1.82-10.07.09-51.9,27.34-103.85,54.57-155.88,81.65-3.69,1.92-4.8,4.14-4.79,8.13.1,82.16.12,164.32-.03,246.49,0,4.99,1.16,6.55,6.34,6.44,15.99-.36,32-.12,47.99-.14,1.78,0,3.57-.16,5.91-.27,0-9.55.28-18.69-.11-27.79-.2-4.78,1.49-5.77,5.93-5.76,60,.13,119.99.09,179.99.09,2.12,0,4.23,0,6.68,0v-12.43h-6.64c-59.66,0-119.33,0-178.99,0q-6.85,0-6.86-6.7c0-12.17.22-24.34-.11-36.5-.13-4.79,1.25-6.15,6.09-6.14,59,.16,117.99.1,176.99.1,11.11,0,11.31-.25,9.15-12.23h-6.17c-59.83,0-119.66,0-179.49,0q-6.46,0-6.46-6.52c0-12.17,0-24.33,0-36.5v-6.03h192.82c0-3.44.33-6.28-.15-8.98-.22-1.23-1.84-2.59-3.14-3.15-1.27-.54-2.95-.14-4.45-.14-59.5,0-118.99,0-178.49,0q-6.58,0-6.59-6.44c0-13.98,0-27.95,0-42.35h210.85v17.78h-192.14v12.42h192.09v48.9c-2.29.1-4.39.28-6.5.28-59.66.01-119.33,0-178.99.05-2.23,0-6.17.17-6.4,1.03-.82,3.11-.49,6.55-.33,9.85.02.49,1.45,1.18,2.3,1.31,1.47.23,2.99.1,4.49.1,59.5,0,118.99,0,178.49,0,2.15,0,4.3,0,6.84,0v49.15h-192.14v12.12h192.21c.14,2.42.31,4.17.32,5.92.02,12.33-.23,24.67.13,36.99.15,4.99-1.12,6.44-6.29,6.42-53.5-.2-106.99-.12-160.49-.12-7.17,0-14.34.19-21.5-.08-3.82-.14-4.86,1.2-4.74,4.88.25,7.82.09,15.66.06,23.5,0,1.62-.16,3.23-.26,5.15-2,.1-3.63.24-5.25.24-58.5.01-116.99-.05-175.49.12-4.94.01-6.17-1.5-6.06-6.22.28-12.05.06-12.05,12.06-12.06,24.5,0,49-.02,73.5.02,2.86,0,5.14.14,5.11-3.99-.16-20.83-.08-41.66-.11-62.5,0-.64-.22-1.28-.45-2.59-10.1,0-20.2-.11-30.3.2-.8.02-2.16,2.91-2.18,4.48-.18,12.5-.09,25-.11,37.5,0,1.8-.15,3.59-.24,5.72-1.77.15-3.21.37-4.65.38-15.83.02-31.67-.1-47.5.1-3.95.05-5.45-1.14-5.08-5.11.28-2.97.26-6.01,0-8.99-.31-3.63,1.29-4.54,4.65-4.49,9.66.16,19.34-.18,28.99.16,4.5.15,5.56-1.33,5.55-5.66-.13-71.33-.09-142.66-.09-213.99,0-17.5.07-35-.06-52.5-.03-3.36.81-5.41,4.01-7.08C120.58,81.92,197.99,41.5,275.35,1c2.94-1.54,5.09-1.18,7.83.26,76.55,40.27,153.11,80.5,229.75,120.58,3.7,1.93,4.76,4.18,4.75,8.15-.1,87.33-.08,174.66-.08,261.99q0,9.38,9.64,9.38c6.95,0,13.89,0,21.38,0,0,5.67.17,10.63-.14,15.57-.06,1.01-1.92,2.73-2.96,2.75-14.33.18-28.66.07-43,.16-3.68.02-3.36-2.35-3.36-4.71,0-12.5,0-25,0-37.5,0-1.8,0-3.61,0-5.79h-40.69c-.14,1.46-.39,2.88-.39,4.3-.03,19.83.09,39.67-.11,59.5-.04,4.06,1.33,5.03,5.16,5.01,26.33-.14,52.66-.07,79-.07,1.96,0,3.92,0,6.49,0,0,5.54.14,10.5-.13,15.44-.05.95-1.58,2.17-2.68,2.61-1.16.46-2.63.12-3.96.12-109.99,0-219.97,0-329.96,0q-6.77,0-6.78-6.71c0-3.62,0-7.24,0-11.41Zm200.56-297.05c.12-2.41.26-3.86.26-5.32.02-15.49-.11-30.99.1-46.48.05-3.73-1.29-5.59-4.5-7.26-39.73-20.73-79.39-41.58-119.02-62.5-2.62-1.38-4.66-1.55-7.37-.13-42.8,22.41-85.64,44.73-128.53,66.96-2.98,1.54-3.94,3.41-3.9,6.63.15,14.66.05,29.32.08,43.98,0,1.37.27,2.75.48,4.76,3.28-1.69,5.93-3.02,8.55-4.4,39.63-20.92,79.27-41.81,118.84-62.84,3.14-1.67,5.53-1.74,8.71-.04,40.16,21.33,80.4,42.52,120.62,63.74,1.59.84,3.21,1.64,5.69,2.9Zm92.87,73.82c.12-1.71.27-2.87.27-4.02.01-24.83-.06-49.66.09-74.49.02-3.38-1.26-5.02-4.11-6.5-21.88-11.37-43.69-22.9-65.52-34.36-1.28-.67-2.64-1.21-4.5-2.06-.16,1.93-.38,3.36-.39,4.8-.02,16,.1,32-.1,47.99-.05,3.76,1.29,5.74,4.6,7.22,4.56,2.03,8.93,4.48,13.35,6.82,5,2.64,11.9,4.19,14.39,8.36,2.6,4.35,1.06,11.26,1.12,17.05.1,9.62.03,19.24.03,29.19h40.75ZM124.23,101.54c-1.27.23-1.79.21-2.2.42-20.74,10.67-41.51,21.3-62.14,32.18-1.42.75-2.58,3.4-2.6,5.17-.17,24.83-.06,49.66-.17,74.49-.01,3.39.93,4.78,4.5,4.69,7.99-.2,16-.25,23.99.02,3.95.14,4.7-1.48,4.66-5-.17-12.66.03-25.33-.13-37.99-.04-3.12,1.02-4.81,3.8-6.17,8.97-4.42,17.85-9,26.65-13.75,1.51-.82,3.46-2.7,3.48-4.12.24-16.47.16-32.94.16-49.93Zm374.9,251.07v-115.41h-39.91v115.41h39.91Zm-409.33-.01v-115.33h-32.29v115.33h32.29Z\"><\/path><path d=\"m38.79,514.99c9.11-10.24,17.38-19.33,25.39-28.65,2.38-2.77,4.83-4.07,8.54-3.95,7.72.26,15.46.08,24.63.08-4.7,5.38-8.35,9.61-12.05,13.8-6.61,7.5-13.14,15.06-19.92,22.4-2.28,2.47-2.25,4.14-.22,6.77,10.4,13.43,20.61,27.02,30.86,40.57.76,1,1.31,2.15,2.5,4.12-9.24,0-17.64.16-26.03-.15-1.39-.05-2.97-1.93-4.03-3.29-5.92-7.63-11.7-15.38-17.55-23.07-.99-1.3-2.07-2.52-3.31-4.01-5.87,4.93-10.06,9.74-9.54,18.12.77,12.47.2,12.55-12.31,12.48-10.34-.06-8.96,1.26-8.99-9.05-.06-24.49.08-48.98-.11-73.47-.03-4.24,1.33-5.59,5.42-5.29,3.98.3,8,.23,11.99.02,3.32-.18,4.31,1.15,4.25,4.35-.17,7.99-.06,15.99-.04,23.99,0,.94.22,1.88.51,4.22Z\"><\/path><path d=\"m532.63,570.2c-7.18,0-13.99.09-20.79-.09-1.03-.03-2.06-1.27-3-2.06-.34-.29-.39-.9-.59-1.36-1.82-4.27-2.53-10.23-5.75-12.34-3.45-2.25-9.35-.43-14.06-1.16-11.64-1.8-20.04.8-22.05,14.05-.17,1.13-2.16,2.78-3.36,2.83-6.79.27-13.59.13-21.06.13.58-2.01.88-3.41,1.39-4.72,10.18-26.25,20.43-52.47,30.5-78.76,1.21-3.16,2.75-4.47,6.16-4.31,5.32.26,10.67-.15,15.98.2,1.57.1,3.89,1.46,4.43,2.82,10.82,27.43,21.43,54.95,32.06,82.45.17.43.07.96.14,2.31Zm-44.45-55.19c-.44-.03-.89-.06-1.33-.08-2.39,6.23-4.78,12.45-7.33,19.11h15.95c-2.6-6.79-4.95-12.9-7.29-19.02Z\"><\/path><path d=\"m300.92,482.79c0,5.12-.21,9.6.06,14.06.23,3.69-1.39,4.48-4.69,4.43-10.49-.15-20.99-.07-31.48-.04-1.79,0-3.57.16-5.59.26v15.51c8.13,0,16.05,0,23.98,0q9.72,0,9.72,9.75,0,9.21-9.28,9.21c-7.97,0-15.93,0-24.29,0v15.36c1.62.11,3.36.33,5.1.33,10.66.03,21.32.13,31.98-.04,3.49-.06,4.53,1.1,4.56,4.58.13,14.04.24,14.04-14,14.04-14.49,0-28.98,0-43.47,0h-5.8v-87.45h63.19Z\"><\/path><path d=\"m424.91,482.8c-1.2,2.21-2,3.79-2.9,5.31-8.87,14.88-17.84,29.69-26.54,44.67-1.42,2.44-2.2,5.56-2.3,8.4-.3,8.32-.2,16.65-.06,24.98.05,2.97-.92,4.24-4.01,4.12-4.49-.17-9-.2-13.49,0-3.26.15-4.4-1.06-4.33-4.31.16-8.16.32-16.33-.08-24.47-.17-3.48-1.06-7.27-2.78-10.26-8.37-14.59-17.13-28.95-25.74-43.4-.83-1.39-1.57-2.84-2.89-5.25,7.48,0,14.2-.2,20.88.17,1.28.07,2.7,2.21,3.59,3.68,5.97,9.79,11.81,19.65,18.21,30.35,3.55-5.95,6.68-11.18,9.79-16.4,1.19-2,2.32-4.05,3.58-6.01,2.5-3.89,4.4-10.13,7.76-11.06,6.41-1.78,13.66-.52,21.31-.52Z\"><\/path><path d=\"m137.81,525.87c0-12.65.2-25.31-.11-37.96-.11-4.57,1.48-5.84,5.73-5.5,3.8.31,7.67.29,11.48,0,3.85-.29,4.78,1.31,4.75,4.92-.14,19.31.09,38.63-.17,57.94-.07,4.89,1.01,6.77,6.29,6.52,9.47-.44,18.98-.02,28.47-.18,3.38-.06,4.63.95,4.68,4.51.23,14.11.35,14.11-13.49,14.11s-26.97,0-40.46,0q-7.16,0-7.16-7.41c0-12.32,0-24.64,0-36.96Z\"><\/path><path d=\"m415.2,619.17c0,6.15-.04,12.29.01,18.44.04,4.48-1.89,6.84-6.57,6.76-5.15-.09-10.3-.09-15.45,0-4.09.07-6.39-1.89-6.42-5.9-.1-12.79-.1-25.58.01-38.37.03-3.75,2.34-5.81,6.05-5.9,5.31-.13,10.63-.12,15.95-.03,4.19.08,6.43,2.25,6.42,6.56-.02,6.15,0,12.29,0,18.44Zm-9.07-16.85c-2.58,0-4.81-.43-6.74.14-1.41.42-3.43,2.15-3.47,3.34-.29,9.14-.12,18.29-.17,27.43-.02,3.75,2.66,3.26,4.88,3.12,2.17-.14,5.47,1.32,5.48-2.92.03-10.12,0-20.23,0-31.12Z\"><\/path><path d=\"m343.3,619.4c0,5.98.07,11.96-.02,17.94-.08,5.4-1.55,6.91-6.77,6.99-5.15.08-10.3-.03-15.45.03-4.18.04-6.19-2.18-6.22-6.11-.08-12.63-.08-25.26.01-37.88.03-3.99,2.36-6.11,6.31-6.19,5.15-.1,10.3-.07,15.45-.02,4.46.04,6.73,2.27,6.69,6.81-.04,6.15-.01,12.3,0,18.44Zm-9.39,16.35v-32.91c-1.26-.19-2.38-.47-3.5-.51-6.55-.28-6.56-.25-6.57,6.47,0,6.66,0,13.32,0,19.98,0,8.2.12,8.31,8.4,7.54.47-.04.91-.3,1.67-.57Z\"><\/path><path d=\"m151.1,626.4v17.01c-8.06,2.22-8.95,1.61-8.95-5.77,0-12.97.09-25.94-.06-38.91-.04-3.42.99-4.8,4.53-4.66,5.81.22,11.64.04,17.46.08,4.48.03,6.72,2.35,6.71,6.84,0,6.32.03,12.64-.02,18.96-.03,4.23-2.15,6.47-6.48,6.46-4.13,0-8.25,0-13.19,0Zm.02-23.2c0,3.98-.16,7.95.1,11.9.07,1.12,1.32,3.07,2.06,3.08,2.67.04,7.53-.21,7.66-1,.76-4.49.79-9.24,0-13.72-.14-.79-5.34-.7-8.21-.98-.28-.03-.59.25-1.61.72Z\"><\/path><path d=\"m113.09,644.35c-2.67,0-5.34-.14-8,.04-3.14.21-4.46-.8-4.42-4.19.04-3.31,1.57-3.95,4.33-3.79,1.99.11,4,.02,6,.02,7.3,0,10.37-4.39,7.61-11.2-.35-.88-1.96-1.65-3.04-1.75-2.81-.26-5.66-.06-8.49-.13-4.03-.1-6.18-2.25-6.26-6.24-.1-5.5-.08-11,0-16.49.06-4.27,2.41-6.4,6.62-6.44,5.17-.05,10.34.11,15.49-.07,3.34-.12,3.77,1.65,3.77,4.37,0,2.7-.83,4.03-3.73,3.88-2.99-.15-6,.08-8.99-.05-2.92-.13-4.43.9-4.12,4.02.11,1.16.15,2.35-.01,3.49-.59,4.34,1.12,5.79,5.57,5.74,12.54-.13,12.54.05,12.54,12.83,0,3,.05,6-.02,9-.12,5.33-1.65,6.85-6.84,6.99-.17,0-.33,0-.5,0-2.5,0-5,0-7.5,0Z\"><\/path><path d=\"m253.77,636.39h17.59v7.49h-29.05c.96-3.92,1.24-7.73,2.8-10.92,4.9-9.98,10.29-19.72,16.08-30.67-4.87,0-8.76-.13-12.65.04-3.04.14-4.09-1.04-4.07-4.06.02-2.91.83-4.27,3.98-4.2,6.49.15,12.99.13,19.49,0,2.84-.06,4.12,1.11,3.67,3.84-.43,2.57-.7,5.32-1.84,7.59-4.34,8.62-9.02,17.08-13.54,25.61-.75,1.42-1.37,2.92-2.46,5.26Z\"><\/path><path d=\"m196.1,644.79c-2.66-.62-5.66-.73-7.82-2.13-.86-.56-.64-5.14.4-5.8,1.8-1.13,5.46-1.64,6.81-.54,1.52,1.24,1.34,4.56,1.9,6.97-.43.5-.86,1-1.28,1.5Z\"><\/path><path d=\"m368.76,644.77c-2.67-.61-5.67-.7-7.85-2.09-.87-.55-.67-5.15.37-5.81,1.8-1.14,5.43-1.65,6.82-.55,1.52,1.19,1.38,4.51,1.96,6.9-.44.52-.87,1.03-1.31,1.55Z\"><\/path><path d=\"m441.46,640.17c.78,3.95-1.6,4.21-4.65,4.26-3.05.05-4.49-.7-4.47-4.12.01-3.42,1.09-4.67,4.59-4.61,3.26.06,5.21.75,4.54,4.48Z\"><\/path><\/g><\/g><\/svg>\t\t\t<\/div>\n\t\t<\/div>\n\t\t\t\t\t\t<\/div>\n\t\t\t\t<\/div>\n\t\t\t\t<div class=\"elementor-element elementor-element-aba9050 elementor-widget elementor-widget-text-editor\" data-id=\"aba9050\" data-element_type=\"widget\" data-e-type=\"widget\" data-widget_type=\"text-editor.default\">\n\t\t\t\t<div class=\"elementor-widget-container\">\n\t\t\t\t\t\t\t\t\t<h4><strong>\u201eKLEYA\u201d &#8211; SP\u00d3\u0141KA Z OGRANICZON\u0104 ODPOWIEDZIALNO\u015aCI\u0104<\/strong><\/h4><h4>ADRESS: 01-473, WARSZAWA, UL. HENRYKA<br \/>DOBRZA\u0143SKIEGO &#8220;HUBALA&#8221;, 22D<\/h4>\t\t\t\t\t\t\t\t<\/div>\n\t\t\t\t<\/div>\n\t\t\t\t<div class=\"elementor-element elementor-element-558c2f4 elementor-position-inline-start elementor-view-default elementor-mobile-position-block-start elementor-widget elementor-widget-icon-box\" data-id=\"558c2f4\" data-element_type=\"widget\" data-e-type=\"widget\" data-widget_type=\"icon-box.default\">\n\t\t\t\t<div class=\"elementor-widget-container\">\n\t\t\t\t\t\t\t<div class=\"elementor-icon-box-wrapper\">\n\n\t\t\t\t\t\t<div class=\"elementor-icon-box-icon\">\n\t\t\t\t<span  class=\"elementor-icon\">\n\t\t\t\t<i aria-hidden=\"true\" class=\"icofont icofont-ui-dial-phone\"><\/i>\t\t\t\t<\/span>\n\t\t\t<\/div>\n\t\t\t\n\t\t\t\t\t\t<div class=\"elementor-icon-box-content\">\n\n\t\t\t\t\t\t\t\t\t<h3 class=\"elementor-icon-box-title\">\n\t\t\t\t\t\t<span  >\n\t\t\t\t\t\t\t+ 48696306681\t\t\t\t\t\t<\/span>\n\t\t\t\t\t<\/h3>\n\t\t\t\t\n\t\t\t\t\n\t\t\t<\/div>\n\t\t\t\n\t\t<\/div>\n\t\t\t\t\t\t<\/div>\n\t\t\t\t<\/div>\n\t\t\t\t<\/div>\n\t\t\t\t<\/div>\n\t\t","protected":false},"excerpt":{"rendered":"<p>\u201eKLEYA\u201d &#8211; SP\u00d3\u0141KA Z OGRANICZON\u0104 ODPOWIEDZIALNO\u015aCI\u0104 ADRESS: 01-473, WARSZAWA, UL. HENRYKADOBRZA\u0143SKIEGO &#8220;HUBALA&#8221;, 22D + 48696306681<\/p>\n","protected":false},"author":1,"featured_media":0,"parent":0,"menu_order":0,"comment_status":"closed","ping_status":"closed","template":"","meta":{"footnotes":""},"class_list":["post-92","page","type-page","status-publish","hentry"],"_links":{"self":[{"href":"https:\/\/kleya.pl\/index.php?rest_route=\/wp\/v2\/pages\/92","targetHints":{"allow":["GET"]}}],"collection":[{"href":"https:\/\/kleya.pl\/index.php?rest_route=\/wp\/v2\/pages"}],"about":[{"href":"https:\/\/kleya.pl\/index.php?rest_route=\/wp\/v2\/types\/page"}],"author":[{"embeddable":true,"href":"https:\/\/kleya.pl\/index.php?rest_route=\/wp\/v2\/users\/1"}],"replies":[{"embeddable":true,"href":"https:\/\/kleya.pl\/index.php?rest_route=%2Fwp%2Fv2%2Fcomments&post=92"}],"version-history":[{"count":26,"href":"https:\/\/kleya.pl\/index.php?rest_route=\/wp\/v2\/pages\/92\/revisions"}],"predecessor-version":[{"id":691,"href":"https:\/\/kleya.pl\/index.php?rest_route=\/wp\/v2\/pages\/92\/revisions\/691"}],"wp:attachment":[{"href":"https:\/\/kleya.pl\/index.php?rest_route=%2Fwp%2Fv2%2Fmedia&parent=92"}],"curies":[{"name":"wp","href":"https:\/\/api.w.org\/{rel}","templated":true}]}}